{"id":29,"date":"2021-04-27T10:50:37","date_gmt":"2021-04-27T10:50:37","guid":{"rendered":"https:\/\/smecm.ma\/contact\/"},"modified":"2022-11-19T16:25:06","modified_gmt":"2022-11-19T16:25:06","slug":"contact","status":"publish","type":"page","link":"https:\/\/smecm.ma\/fr\/contact\/","title":{"rendered":"Contact"},"content":{"rendered":"<p>Contactez-nous<\/p>\r\n\r\n\r\n\r\n\r\n\r\n\r\n\r\n\r\n\r\n<p>Entrer en contact<\/p>\r\n\r\n\r\n\r\n\r\n\r\n\r\n\r\n\r\n\r\n\r\n\r\n\r\n\r\n\r\n\r\n\r\n\r\n\r\n\r\n\r\n\r\n\r\n\r\n\r\n\r\n\r\n\r\n\r\n\r\n\r\n\r\n\r\n\r\n\r\n\r\n\r\n\r\n\r\n\r\n<p>5, rue Chevalier Bayard, Casablanca 20300<\/p>\r\n\r\n<p>&nbsp;<\/p>","protected":false},"excerpt":{"rendered":"<p>&nbsp;<\/p>","protected":false},"author":1,"featured_media":0,"parent":0,"menu_order":0,"comment_status":"closed","ping_status":"closed","template":"","meta":{"footnotes":""},"class_list":["post-29","page","type-page","status-publish","hentry"],"yoast_head":"<!-- This site is optimized with the Yoast SEO plugin v27.5 - https:\/\/yoast.com\/product\/yoast-seo-wordpress\/ -->\n<title>Contact - SMECM<\/title>\n<meta name=\"description\" content=\"Pour tout o\u00f9 demande de devis veuillez envoyer un mail au contact@smecm.ma ou par t\u00e9l\u00e9phone au +212522408404\" \/>\n<meta name=\"robots\" content=\"index, follow, max-snippet:-1, max-image-preview:large, max-video-preview:-1\" \/>\n<link rel=\"canonical\" href=\"https:\/\/smecm.ma\/fr\/contact\/\" \/>\n<meta property=\"og:locale\" content=\"fr_FR\" \/>\n<meta property=\"og:type\" content=\"article\" \/>\n<meta property=\"og:title\" content=\"Contact - SMECM\" \/>\n<meta property=\"og:description\" content=\"Pour tout o\u00f9 demande de devis veuillez envoyer un mail au contact@smecm.ma ou par t\u00e9l\u00e9phone au +212522408404\" \/>\n<meta property=\"og:url\" content=\"https:\/\/smecm.ma\/fr\/contact\/\" \/>\n<meta property=\"og:site_name\" content=\"SMECM\" \/>\n<meta property=\"article:modified_time\" content=\"2022-11-19T16:25:06+00:00\" \/>\n<meta name=\"twitter:card\" content=\"summary_large_image\" \/>\n<script type=\"application\/ld+json\" class=\"yoast-schema-graph\">{\"@context\":\"https:\\\/\\\/schema.org\",\"@graph\":[{\"@type\":\"WebPage\",\"@id\":\"https:\\\/\\\/smecm.ma\\\/contact\\\/\",\"url\":\"https:\\\/\\\/smecm.ma\\\/contact\\\/\",\"name\":\"Contact - SMECM\",\"isPartOf\":{\"@id\":\"https:\\\/\\\/smecm.ma\\\/#website\"},\"datePublished\":\"2021-04-27T10:50:37+00:00\",\"dateModified\":\"2022-11-19T16:25:06+00:00\",\"description\":\"Pour tout o\u00f9 demande de devis veuillez envoyer un mail au contact@smecm.ma ou par t\u00e9l\u00e9phone au +212522408404\",\"breadcrumb\":{\"@id\":\"https:\\\/\\\/smecm.ma\\\/contact\\\/#breadcrumb\"},\"inLanguage\":\"fr-FR\",\"potentialAction\":[{\"@type\":\"ReadAction\",\"target\":[\"https:\\\/\\\/smecm.ma\\\/contact\\\/\"]}]},{\"@type\":\"BreadcrumbList\",\"@id\":\"https:\\\/\\\/smecm.ma\\\/contact\\\/#breadcrumb\",\"itemListElement\":[{\"@type\":\"ListItem\",\"position\":1,\"name\":\"Home\",\"item\":\"https:\\\/\\\/smecm.ma\\\/\"},{\"@type\":\"ListItem\",\"position\":2,\"name\":\"Contact\"}]},{\"@type\":\"WebSite\",\"@id\":\"https:\\\/\\\/smecm.ma\\\/#website\",\"url\":\"https:\\\/\\\/smecm.ma\\\/\",\"name\":\"SMECM\",\"description\":\"Leading Kaolin Exporter in Morocco\",\"publisher\":{\"@id\":\"https:\\\/\\\/smecm.ma\\\/#organization\"},\"potentialAction\":[{\"@type\":\"SearchAction\",\"target\":{\"@type\":\"EntryPoint\",\"urlTemplate\":\"https:\\\/\\\/smecm.ma\\\/?s={search_term_string}\"},\"query-input\":{\"@type\":\"PropertyValueSpecification\",\"valueRequired\":true,\"valueName\":\"search_term_string\"}}],\"inLanguage\":\"fr-FR\"},{\"@type\":\"Organization\",\"@id\":\"https:\\\/\\\/smecm.ma\\\/#organization\",\"name\":\"Soci\u00e9t\u00e9 Marocaine d'Exploitation et de Commercialisation Mini\u00e8re\",\"url\":\"https:\\\/\\\/smecm.ma\\\/\",\"logo\":{\"@type\":\"ImageObject\",\"inLanguage\":\"fr-FR\",\"@id\":\"https:\\\/\\\/smecm.ma\\\/#\\\/schema\\\/logo\\\/image\\\/\",\"url\":\"https:\\\/\\\/smecm.ma\\\/wp-content\\\/uploads\\\/2021\\\/05\\\/SMECM-LOGO.png\",\"contentUrl\":\"https:\\\/\\\/smecm.ma\\\/wp-content\\\/uploads\\\/2021\\\/05\\\/SMECM-LOGO.png\",\"width\":1826,\"height\":789,\"caption\":\"Soci\u00e9t\u00e9 Marocaine d'Exploitation et de Commercialisation Mini\u00e8re\"},\"image\":{\"@id\":\"https:\\\/\\\/smecm.ma\\\/#\\\/schema\\\/logo\\\/image\\\/\"},\"sameAs\":[\"https:\\\/\\\/www.linkedin.com\\\/company\\\/socit-marocaine-d-exploitation-et-commercialisation-minire\"]}]}<\/script>\n<!-- \/ Yoast SEO plugin. -->","yoast_head_json":{"title":"Contact - SMECM","description":"Pour tout o\u00f9 demande de devis veuillez envoyer un mail au contact@smecm.ma ou par t\u00e9l\u00e9phone au +212522408404","robots":{"index":"index","follow":"follow","max-snippet":"max-snippet:-1","max-image-preview":"max-image-preview:large","max-video-preview":"max-video-preview:-1"},"canonical":"https:\/\/smecm.ma\/fr\/contact\/","og_locale":"fr_FR","og_type":"article","og_title":"Contact - SMECM","og_description":"Pour tout o\u00f9 demande de devis veuillez envoyer un mail au contact@smecm.ma ou par t\u00e9l\u00e9phone au +212522408404","og_url":"https:\/\/smecm.ma\/fr\/contact\/","og_site_name":"SMECM","article_modified_time":"2022-11-19T16:25:06+00:00","twitter_card":"summary_large_image","schema":{"@context":"https:\/\/schema.org","@graph":[{"@type":"WebPage","@id":"https:\/\/smecm.ma\/contact\/","url":"https:\/\/smecm.ma\/contact\/","name":"Contact - SMECM","isPartOf":{"@id":"https:\/\/smecm.ma\/#website"},"datePublished":"2021-04-27T10:50:37+00:00","dateModified":"2022-11-19T16:25:06+00:00","description":"Pour tout o\u00f9 demande de devis veuillez envoyer un mail au contact@smecm.ma ou par t\u00e9l\u00e9phone au +212522408404","breadcrumb":{"@id":"https:\/\/smecm.ma\/contact\/#breadcrumb"},"inLanguage":"fr-FR","potentialAction":[{"@type":"ReadAction","target":["https:\/\/smecm.ma\/contact\/"]}]},{"@type":"BreadcrumbList","@id":"https:\/\/smecm.ma\/contact\/#breadcrumb","itemListElement":[{"@type":"ListItem","position":1,"name":"Home","item":"https:\/\/smecm.ma\/"},{"@type":"ListItem","position":2,"name":"Contact"}]},{"@type":"WebSite","@id":"https:\/\/smecm.ma\/#website","url":"https:\/\/smecm.ma\/","name":"SMECM","description":"Premier exportateur de kaolin au Maroc","publisher":{"@id":"https:\/\/smecm.ma\/#organization"},"potentialAction":[{"@type":"SearchAction","target":{"@type":"EntryPoint","urlTemplate":"https:\/\/smecm.ma\/?s={search_term_string}"},"query-input":{"@type":"PropertyValueSpecification","valueRequired":true,"valueName":"search_term_string"}}],"inLanguage":"fr-FR"},{"@type":"Organization","@id":"https:\/\/smecm.ma\/#organization","name":"Soci\u00e9t\u00e9 Marocaine d&#039;Exploitation et de Commercialisation Mini\u00e8re","url":"https:\/\/smecm.ma\/","logo":{"@type":"ImageObject","inLanguage":"fr-FR","@id":"https:\/\/smecm.ma\/#\/schema\/logo\/image\/","url":"https:\/\/smecm.ma\/wp-content\/uploads\/2021\/05\/SMECM-LOGO.png","contentUrl":"https:\/\/smecm.ma\/wp-content\/uploads\/2021\/05\/SMECM-LOGO.png","width":1826,"height":789,"caption":"Soci\u00e9t\u00e9 Marocaine d'Exploitation et de Commercialisation Mini\u00e8re"},"image":{"@id":"https:\/\/smecm.ma\/#\/schema\/logo\/image\/"},"sameAs":["https:\/\/www.linkedin.com\/company\/socit-marocaine-d-exploitation-et-commercialisation-minire"]}]}},"_links":{"self":[{"href":"https:\/\/smecm.ma\/fr\/wp-json\/wp\/v2\/pages\/29","targetHints":{"allow":["GET"]}}],"collection":[{"href":"https:\/\/smecm.ma\/fr\/wp-json\/wp\/v2\/pages"}],"about":[{"href":"https:\/\/smecm.ma\/fr\/wp-json\/wp\/v2\/types\/page"}],"author":[{"embeddable":true,"href":"https:\/\/smecm.ma\/fr\/wp-json\/wp\/v2\/users\/1"}],"replies":[{"embeddable":true,"href":"https:\/\/smecm.ma\/fr\/wp-json\/wp\/v2\/comments?post=29"}],"version-history":[{"count":6,"href":"https:\/\/smecm.ma\/fr\/wp-json\/wp\/v2\/pages\/29\/revisions"}],"predecessor-version":[{"id":245,"href":"https:\/\/smecm.ma\/fr\/wp-json\/wp\/v2\/pages\/29\/revisions\/245"}],"wp:attachment":[{"href":"https:\/\/smecm.ma\/fr\/wp-json\/wp\/v2\/media?parent=29"}],"curies":[{"name":"wp","href":"https:\/\/api.w.org\/{rel}","templated":true}]}}