{"id":28,"date":"2021-04-27T10:50:35","date_gmt":"2021-04-27T10:50:35","guid":{"rendered":"https:\/\/smecm.ma\/services\/"},"modified":"2022-11-15T12:48:19","modified_gmt":"2022-11-15T12:48:19","slug":"product-kaolin-clay","status":"publish","type":"page","link":"https:\/\/smecm.ma\/fr\/product-kaolin-clay\/","title":{"rendered":"Produit"},"content":{"rendered":"<p><strong><span style=\"font-size: 48px; color: #ffffff; font-family: 'Times New Roman', Times, serif;\"><em>Qualit\u00e9, service, propret\u00e9 et valeur.<\/em><\/span><\/strong><\/p>\r\n\r\n\r\n\r\n\r\n\r\n\r\n\r\n\r\n\r\n\r\n\r\n<h6><span style=\"font-weight: normal;\">notre produit\u00a0<\/span><\/h6>\r\n\r\n\r\n\r\n\r\n\r\n<p><b>Le kaolin est un ingr\u00e9dient essentiel \u00e0 la fabrication du ciment et est largement utilis\u00e9 dans la fabrication du papier, de la peinture, du caoutchouc et de nombreux autres produits. Il se distingue des autres argiles industrielles par la finesse de ses particules et sa couleur pure. Sa capacit\u00e9 \u00e0 se disperser dans l&#039;eau en fait un pigment id\u00e9al.<\/b><\/p>\r\n\r\n\r\n\r\n\r\n\r\n\r\n\r\n\r\n\r\n\r\n\r\n<h1><span style=\"font-weight: normal;\">nos sp\u00e9cifications de produits\u00a0<\/span><\/h1>\r\n\r\n\r\n\r\n\r\n\r\n<p><strong style=\"font-size: 15px;\">Les donn\u00e9es suivantes sont pr\u00e9liminaires et fournies \u00e0 titre indicatif uniquement. Elles ne constituent pas une sp\u00e9cification contractuelle.<\/strong><\/p>\r\n\r\n\r\n\r\n<p>&nbsp;<\/p>","protected":false},"excerpt":{"rendered":"<p>&nbsp;<\/p>","protected":false},"author":1,"featured_media":0,"parent":0,"menu_order":0,"comment_status":"closed","ping_status":"closed","template":"","meta":{"footnotes":""},"class_list":["post-28","page","type-page","status-publish","hentry"],"yoast_head":"<!-- This site is optimized with the Yoast SEO plugin v27.5 - https:\/\/yoast.com\/product\/yoast-seo-wordpress\/ -->\n<title>Product - SMECM<\/title>\n<meta name=\"description\" content=\"Kaolin clay is an essential ingredient in cement manufacturing and also used in the making of paper, paint, rubber and many other products.\" \/>\n<meta name=\"robots\" content=\"index, follow, max-snippet:-1, max-image-preview:large, max-video-preview:-1\" \/>\n<link rel=\"canonical\" href=\"https:\/\/smecm.ma\/fr\/product-kaolin-clay\/\" \/>\n<meta property=\"og:locale\" content=\"fr_FR\" \/>\n<meta property=\"og:type\" content=\"article\" \/>\n<meta property=\"og:title\" content=\"Product - SMECM\" \/>\n<meta property=\"og:description\" content=\"Kaolin clay is an essential ingredient in cement manufacturing and also used in the making of paper, paint, rubber and many other products.\" \/>\n<meta property=\"og:url\" content=\"https:\/\/smecm.ma\/fr\/product-kaolin-clay\/\" \/>\n<meta property=\"og:site_name\" content=\"SMECM\" \/>\n<meta property=\"article:modified_time\" content=\"2022-11-15T12:48:19+00:00\" \/>\n<meta name=\"twitter:card\" content=\"summary_large_image\" \/>\n<script type=\"application\/ld+json\" class=\"yoast-schema-graph\">{\"@context\":\"https:\\\/\\\/schema.org\",\"@graph\":[{\"@type\":\"WebPage\",\"@id\":\"https:\\\/\\\/smecm.ma\\\/product-kaolin-clay\\\/\",\"url\":\"https:\\\/\\\/smecm.ma\\\/product-kaolin-clay\\\/\",\"name\":\"Product - SMECM\",\"isPartOf\":{\"@id\":\"https:\\\/\\\/smecm.ma\\\/#website\"},\"datePublished\":\"2021-04-27T10:50:35+00:00\",\"dateModified\":\"2022-11-15T12:48:19+00:00\",\"description\":\"Kaolin clay is an essential ingredient in cement manufacturing and also used in the making of paper, paint, rubber and many other products.\",\"breadcrumb\":{\"@id\":\"https:\\\/\\\/smecm.ma\\\/product-kaolin-clay\\\/#breadcrumb\"},\"inLanguage\":\"fr-FR\",\"potentialAction\":[{\"@type\":\"ReadAction\",\"target\":[\"https:\\\/\\\/smecm.ma\\\/product-kaolin-clay\\\/\"]}]},{\"@type\":\"BreadcrumbList\",\"@id\":\"https:\\\/\\\/smecm.ma\\\/product-kaolin-clay\\\/#breadcrumb\",\"itemListElement\":[{\"@type\":\"ListItem\",\"position\":1,\"name\":\"Home\",\"item\":\"https:\\\/\\\/smecm.ma\\\/\"},{\"@type\":\"ListItem\",\"position\":2,\"name\":\"Product\"}]},{\"@type\":\"WebSite\",\"@id\":\"https:\\\/\\\/smecm.ma\\\/#website\",\"url\":\"https:\\\/\\\/smecm.ma\\\/\",\"name\":\"SMECM\",\"description\":\"Leading Kaolin Exporter in Morocco\",\"publisher\":{\"@id\":\"https:\\\/\\\/smecm.ma\\\/#organization\"},\"potentialAction\":[{\"@type\":\"SearchAction\",\"target\":{\"@type\":\"EntryPoint\",\"urlTemplate\":\"https:\\\/\\\/smecm.ma\\\/?s={search_term_string}\"},\"query-input\":{\"@type\":\"PropertyValueSpecification\",\"valueRequired\":true,\"valueName\":\"search_term_string\"}}],\"inLanguage\":\"fr-FR\"},{\"@type\":\"Organization\",\"@id\":\"https:\\\/\\\/smecm.ma\\\/#organization\",\"name\":\"Soci\u00e9t\u00e9 Marocaine d'Exploitation et de Commercialisation Mini\u00e8re\",\"url\":\"https:\\\/\\\/smecm.ma\\\/\",\"logo\":{\"@type\":\"ImageObject\",\"inLanguage\":\"fr-FR\",\"@id\":\"https:\\\/\\\/smecm.ma\\\/#\\\/schema\\\/logo\\\/image\\\/\",\"url\":\"https:\\\/\\\/smecm.ma\\\/wp-content\\\/uploads\\\/2021\\\/05\\\/SMECM-LOGO.png\",\"contentUrl\":\"https:\\\/\\\/smecm.ma\\\/wp-content\\\/uploads\\\/2021\\\/05\\\/SMECM-LOGO.png\",\"width\":1826,\"height\":789,\"caption\":\"Soci\u00e9t\u00e9 Marocaine d'Exploitation et de Commercialisation Mini\u00e8re\"},\"image\":{\"@id\":\"https:\\\/\\\/smecm.ma\\\/#\\\/schema\\\/logo\\\/image\\\/\"},\"sameAs\":[\"https:\\\/\\\/www.linkedin.com\\\/company\\\/socit-marocaine-d-exploitation-et-commercialisation-minire\"]}]}<\/script>\n<!-- \/ Yoast SEO plugin. -->","yoast_head_json":{"title":"Product - SMECM","description":"Kaolin clay is an essential ingredient in cement manufacturing and also used in the making of paper, paint, rubber and many other products.","robots":{"index":"index","follow":"follow","max-snippet":"max-snippet:-1","max-image-preview":"max-image-preview:large","max-video-preview":"max-video-preview:-1"},"canonical":"https:\/\/smecm.ma\/fr\/product-kaolin-clay\/","og_locale":"fr_FR","og_type":"article","og_title":"Product - SMECM","og_description":"Kaolin clay is an essential ingredient in cement manufacturing and also used in the making of paper, paint, rubber and many other products.","og_url":"https:\/\/smecm.ma\/fr\/product-kaolin-clay\/","og_site_name":"SMECM","article_modified_time":"2022-11-15T12:48:19+00:00","twitter_card":"summary_large_image","schema":{"@context":"https:\/\/schema.org","@graph":[{"@type":"WebPage","@id":"https:\/\/smecm.ma\/product-kaolin-clay\/","url":"https:\/\/smecm.ma\/product-kaolin-clay\/","name":"Product - SMECM","isPartOf":{"@id":"https:\/\/smecm.ma\/#website"},"datePublished":"2021-04-27T10:50:35+00:00","dateModified":"2022-11-15T12:48:19+00:00","description":"Kaolin clay is an essential ingredient in cement manufacturing and also used in the making of paper, paint, rubber and many other products.","breadcrumb":{"@id":"https:\/\/smecm.ma\/product-kaolin-clay\/#breadcrumb"},"inLanguage":"fr-FR","potentialAction":[{"@type":"ReadAction","target":["https:\/\/smecm.ma\/product-kaolin-clay\/"]}]},{"@type":"BreadcrumbList","@id":"https:\/\/smecm.ma\/product-kaolin-clay\/#breadcrumb","itemListElement":[{"@type":"ListItem","position":1,"name":"Home","item":"https:\/\/smecm.ma\/"},{"@type":"ListItem","position":2,"name":"Product"}]},{"@type":"WebSite","@id":"https:\/\/smecm.ma\/#website","url":"https:\/\/smecm.ma\/","name":"SMECM","description":"Premier exportateur de kaolin au Maroc","publisher":{"@id":"https:\/\/smecm.ma\/#organization"},"potentialAction":[{"@type":"SearchAction","target":{"@type":"EntryPoint","urlTemplate":"https:\/\/smecm.ma\/?s={search_term_string}"},"query-input":{"@type":"PropertyValueSpecification","valueRequired":true,"valueName":"search_term_string"}}],"inLanguage":"fr-FR"},{"@type":"Organization","@id":"https:\/\/smecm.ma\/#organization","name":"Soci\u00e9t\u00e9 Marocaine d&#039;Exploitation et de Commercialisation Mini\u00e8re","url":"https:\/\/smecm.ma\/","logo":{"@type":"ImageObject","inLanguage":"fr-FR","@id":"https:\/\/smecm.ma\/#\/schema\/logo\/image\/","url":"https:\/\/smecm.ma\/wp-content\/uploads\/2021\/05\/SMECM-LOGO.png","contentUrl":"https:\/\/smecm.ma\/wp-content\/uploads\/2021\/05\/SMECM-LOGO.png","width":1826,"height":789,"caption":"Soci\u00e9t\u00e9 Marocaine d'Exploitation et de Commercialisation Mini\u00e8re"},"image":{"@id":"https:\/\/smecm.ma\/#\/schema\/logo\/image\/"},"sameAs":["https:\/\/www.linkedin.com\/company\/socit-marocaine-d-exploitation-et-commercialisation-minire"]}]}},"_links":{"self":[{"href":"https:\/\/smecm.ma\/fr\/wp-json\/wp\/v2\/pages\/28","targetHints":{"allow":["GET"]}}],"collection":[{"href":"https:\/\/smecm.ma\/fr\/wp-json\/wp\/v2\/pages"}],"about":[{"href":"https:\/\/smecm.ma\/fr\/wp-json\/wp\/v2\/types\/page"}],"author":[{"embeddable":true,"href":"https:\/\/smecm.ma\/fr\/wp-json\/wp\/v2\/users\/1"}],"replies":[{"embeddable":true,"href":"https:\/\/smecm.ma\/fr\/wp-json\/wp\/v2\/comments?post=28"}],"version-history":[{"count":6,"href":"https:\/\/smecm.ma\/fr\/wp-json\/wp\/v2\/pages\/28\/revisions"}],"predecessor-version":[{"id":211,"href":"https:\/\/smecm.ma\/fr\/wp-json\/wp\/v2\/pages\/28\/revisions\/211"}],"wp:attachment":[{"href":"https:\/\/smecm.ma\/fr\/wp-json\/wp\/v2\/media?parent=28"}],"curies":[{"name":"wp","href":"https:\/\/api.w.org\/{rel}","templated":true}]}}