{"id":228,"date":"2021-06-22T09:10:08","date_gmt":"2021-06-22T09:10:08","guid":{"rendered":"https:\/\/smecm.ma\/about\/"},"modified":"2023-02-14T10:02:32","modified_gmt":"2023-02-14T10:02:32","slug":"about","status":"publish","type":"page","link":"https:\/\/smecm.ma\/fr\/about\/","title":{"rendered":"\u00c0 propos"},"content":{"rendered":"<p>\u00c0 propos de nous<\/p>\r\n\n\n\n\n\n\n\r\n<p>nnnnnn<\/p>\r\n\n\n\n\r\n<p><b>Notre carri\u00e8re\u00a0<\/b><\/p>\r\n\n\n\r\n<p><strong>Notre carri\u00e8re se trouve \u00e0 seulement 37 km au sud d&#039;Oujda et \u00e0 142 km de Nador. Nos r\u00e9serves sont estim\u00e9es \u00e0 plus de 3 millions de tonnes et nous poss\u00e9dons 23 hectares de terres. Nous y exploitons notre kaolin unique, \u00e0 la formule sp\u00e9ciale, depuis 2002. Situ\u00e9e dans un climat sec, la carri\u00e8re offre un produit \u00e0 faible teneur en humidit\u00e9 et une teneur \u00e9lev\u00e9e en alumine (\u224829%). <span style=\"color: #202124; font-family: arial, sans-serif; font-size: 16px;\">Al<\/span><sub style=\"color: #202124; font-family: arial, sans-serif;\">2<\/sub><span style=\"color: #202124; font-family: arial, sans-serif; font-size: 16px;\">O<\/span><sub style=\"color: #202124; font-family: arial, sans-serif;\">3 <\/sub><span style=\"color: #202124; font-size: 14px; background-color: transparent; font-family: 'Lucida Console', Monaco, monospace;\">).<\/span><\/strong><\/p>\r\n<p>&nbsp;<\/p>\r\n\n\n\n\n\n\r\n<p>nnnnnn<\/p>\r\n\n\n\n\r\n<p>Main-d&#039;\u0153uvre\u00a0<\/p>\r\n\n\n\r\n<p><b>Notre capital humain demeure un axe majeur de notre strat\u00e9gie et une source ind\u00e9niable de cr\u00e9ation de valeur. Nos collaborateurs sont notre ressource essentielle pour garantir l&#039;excellence et la qualit\u00e9 de nos services.\u00a0<br \/>\u2013 G\u00e9ologues qualifi\u00e9s.<br \/>\u2013 Des vendeurs exp\u00e9riment\u00e9s.<br \/>\u2013 Consultants internationaux.<br \/>\u2013 Travailleurs polyvalents.<\/b><\/p>\r\n\n\n\n\n\n\r\n<p>nnnnnn<\/p>\r\n\n\n\n\r\n<p>Biens d&#039;\u00e9quipement\u00a0<\/p>\r\n\n\n\r\n<p><b>Notre entreprise a d\u00e9velopp\u00e9 son activit\u00e9 au fil des ann\u00e9es en se dotant d&#039;\u00e9quipements techniques sophistiqu\u00e9s et non polluants qui offrent une meilleure production d&#039;argile kaolinique.<\/b><\/p>\r\n\n\n\n\n\n\r\n<p>Une ann\u00e9e historique de dons de la part de SMECM\u00a0<\/p>\r\n\n\n<p style=\"text-align: center;\"><strong>Cette ann\u00e9e, la g\u00e9n\u00e9rosit\u00e9 a pris de nouvelles formes. Au sein de notre entreprise, elle s&#039;est traduite par l&#039;organisation de comp\u00e9titions de football et par des dons aux habitants des villages voisins. Nous leur avons \u00e9galement offert des opportunit\u00e9s d&#039;emploi (70% de nos employ\u00e9s sont originaires du village voisin).<\/strong><\/p>\n\n\n\n\n<p><strong>Comment nous travaillons&nbsp;<\/strong><\/p>\n\n\n\n\r\n<h2><b>\u00c9chantillonnage et analyse<\/b><\/h2>\r\n\n<p style=\"text-align: center;\"><span style=\"font-weight: bolder;\">Nous veillons \u00e0 ce que des proc\u00e9dures d\u2019\u00e9chantillonnage valides et des m\u00e9thodes d\u2019analyse appropri\u00e9es soient appliqu\u00e9es dans le respect des normes internationales.<\/span><\/p>\n\n\n\n\r\n<h2><b>Contr\u00f4le de qualit\u00e9<\/b><\/h2>\r\n\n<p style=\"text-align: center;\">\n<\/p><p style=\"text-align: center;\"><span style=\"font-weight: bolder;\">Les m\u00e9thodes de laboratoire sont d\u00e9velopp\u00e9es et valid\u00e9es selon des principes scientifiquement reconnus internationalement (SGS)<\/span><\/p><p><span style=\"font-weight: bolder;\"><\/span>\n<\/p>\n\n\n\n\r\n<h2><b>Personnalisation et exp\u00e9dition<\/b><\/h2>\r\n\n<p style=\"text-align: justify;\">\n<\/p><p style=\"text-align: center;\"><span style=\"font-weight: bolder;\">Chaque commande est personnalis\u00e9e en fonction des besoins du client (sp\u00e9cifications chimiques et taille) et est exp\u00e9di\u00e9e en vrac via le port de Nador (<\/span><span style=\"font-weight: bolder;\"><em>GOUSSET<\/em><\/span><span style=\"font-weight: bolder;\">).&nbsp;<\/span><span style=\"font-weight: bolder; font-size: inherit; font-style: inherit; font-variant-ligatures: inherit; font-variant-caps: inherit;\">&nbsp;<\/span><\/p>","protected":false},"excerpt":{"rendered":"","protected":false},"author":1,"featured_media":0,"parent":0,"menu_order":0,"comment_status":"closed","ping_status":"closed","template":"","meta":{"footnotes":""},"class_list":["post-228","page","type-page","status-publish","hentry"],"yoast_head":"<!-- This site is optimized with the Yoast SEO plugin v27.5 - https:\/\/yoast.com\/product\/yoast-seo-wordpress\/ -->\n<title>About - SMECM<\/title>\n<meta name=\"description\" content=\"Our activity is mining exploitation, mainly in extracting white kaolin clay that is used as a raw material in the white cement manufacturing.\" \/>\n<meta name=\"robots\" content=\"index, follow, max-snippet:-1, max-image-preview:large, max-video-preview:-1\" \/>\n<link rel=\"canonical\" href=\"https:\/\/smecm.ma\/fr\/about\/\" \/>\n<meta property=\"og:locale\" content=\"fr_FR\" \/>\n<meta property=\"og:type\" content=\"article\" \/>\n<meta property=\"og:title\" content=\"About - SMECM\" \/>\n<meta property=\"og:description\" content=\"Our activity is mining exploitation, mainly in extracting white kaolin clay that is used as a raw material in the white cement manufacturing.\" \/>\n<meta property=\"og:url\" content=\"https:\/\/smecm.ma\/fr\/about\/\" \/>\n<meta property=\"og:site_name\" content=\"SMECM\" \/>\n<meta property=\"article:modified_time\" content=\"2023-02-14T10:02:32+00:00\" \/>\n<meta name=\"twitter:card\" content=\"summary_large_image\" \/>\n<meta name=\"twitter:label1\" content=\"Dur\u00e9e de lecture estim\u00e9e\" \/>\n\t<meta name=\"twitter:data1\" content=\"2 minutes\" \/>\n<script type=\"application\/ld+json\" class=\"yoast-schema-graph\">{\"@context\":\"https:\\\/\\\/schema.org\",\"@graph\":[{\"@type\":\"WebPage\",\"@id\":\"https:\\\/\\\/smecm.ma\\\/about\\\/\",\"url\":\"https:\\\/\\\/smecm.ma\\\/about\\\/\",\"name\":\"About - SMECM\",\"isPartOf\":{\"@id\":\"https:\\\/\\\/smecm.ma\\\/#website\"},\"datePublished\":\"2021-06-22T09:10:08+00:00\",\"dateModified\":\"2023-02-14T10:02:32+00:00\",\"description\":\"Our activity is mining exploitation, mainly in extracting white kaolin clay that is used as a raw material in the white cement manufacturing.\",\"breadcrumb\":{\"@id\":\"https:\\\/\\\/smecm.ma\\\/about\\\/#breadcrumb\"},\"inLanguage\":\"fr-FR\",\"potentialAction\":[{\"@type\":\"ReadAction\",\"target\":[\"https:\\\/\\\/smecm.ma\\\/about\\\/\"]}]},{\"@type\":\"BreadcrumbList\",\"@id\":\"https:\\\/\\\/smecm.ma\\\/about\\\/#breadcrumb\",\"itemListElement\":[{\"@type\":\"ListItem\",\"position\":1,\"name\":\"Home\",\"item\":\"https:\\\/\\\/smecm.ma\\\/\"},{\"@type\":\"ListItem\",\"position\":2,\"name\":\"About\"}]},{\"@type\":\"WebSite\",\"@id\":\"https:\\\/\\\/smecm.ma\\\/#website\",\"url\":\"https:\\\/\\\/smecm.ma\\\/\",\"name\":\"SMECM\",\"description\":\"Leading Kaolin Exporter in Morocco\",\"publisher\":{\"@id\":\"https:\\\/\\\/smecm.ma\\\/#organization\"},\"potentialAction\":[{\"@type\":\"SearchAction\",\"target\":{\"@type\":\"EntryPoint\",\"urlTemplate\":\"https:\\\/\\\/smecm.ma\\\/?s={search_term_string}\"},\"query-input\":{\"@type\":\"PropertyValueSpecification\",\"valueRequired\":true,\"valueName\":\"search_term_string\"}}],\"inLanguage\":\"fr-FR\"},{\"@type\":\"Organization\",\"@id\":\"https:\\\/\\\/smecm.ma\\\/#organization\",\"name\":\"Soci\u00e9t\u00e9 Marocaine d'Exploitation et de Commercialisation Mini\u00e8re\",\"url\":\"https:\\\/\\\/smecm.ma\\\/\",\"logo\":{\"@type\":\"ImageObject\",\"inLanguage\":\"fr-FR\",\"@id\":\"https:\\\/\\\/smecm.ma\\\/#\\\/schema\\\/logo\\\/image\\\/\",\"url\":\"https:\\\/\\\/smecm.ma\\\/wp-content\\\/uploads\\\/2021\\\/05\\\/SMECM-LOGO.png\",\"contentUrl\":\"https:\\\/\\\/smecm.ma\\\/wp-content\\\/uploads\\\/2021\\\/05\\\/SMECM-LOGO.png\",\"width\":1826,\"height\":789,\"caption\":\"Soci\u00e9t\u00e9 Marocaine d'Exploitation et de Commercialisation Mini\u00e8re\"},\"image\":{\"@id\":\"https:\\\/\\\/smecm.ma\\\/#\\\/schema\\\/logo\\\/image\\\/\"},\"sameAs\":[\"https:\\\/\\\/www.linkedin.com\\\/company\\\/socit-marocaine-d-exploitation-et-commercialisation-minire\"]}]}<\/script>\n<!-- \/ Yoast SEO plugin. -->","yoast_head_json":{"title":"About - SMECM","description":"Our activity is mining exploitation, mainly in extracting white kaolin clay that is used as a raw material in the white cement manufacturing.","robots":{"index":"index","follow":"follow","max-snippet":"max-snippet:-1","max-image-preview":"max-image-preview:large","max-video-preview":"max-video-preview:-1"},"canonical":"https:\/\/smecm.ma\/fr\/about\/","og_locale":"fr_FR","og_type":"article","og_title":"About - SMECM","og_description":"Our activity is mining exploitation, mainly in extracting white kaolin clay that is used as a raw material in the white cement manufacturing.","og_url":"https:\/\/smecm.ma\/fr\/about\/","og_site_name":"SMECM","article_modified_time":"2023-02-14T10:02:32+00:00","twitter_card":"summary_large_image","twitter_misc":{"Dur\u00e9e de lecture estim\u00e9e":"2 minutes"},"schema":{"@context":"https:\/\/schema.org","@graph":[{"@type":"WebPage","@id":"https:\/\/smecm.ma\/about\/","url":"https:\/\/smecm.ma\/about\/","name":"About - SMECM","isPartOf":{"@id":"https:\/\/smecm.ma\/#website"},"datePublished":"2021-06-22T09:10:08+00:00","dateModified":"2023-02-14T10:02:32+00:00","description":"Our activity is mining exploitation, mainly in extracting white kaolin clay that is used as a raw material in the white cement manufacturing.","breadcrumb":{"@id":"https:\/\/smecm.ma\/about\/#breadcrumb"},"inLanguage":"fr-FR","potentialAction":[{"@type":"ReadAction","target":["https:\/\/smecm.ma\/about\/"]}]},{"@type":"BreadcrumbList","@id":"https:\/\/smecm.ma\/about\/#breadcrumb","itemListElement":[{"@type":"ListItem","position":1,"name":"Home","item":"https:\/\/smecm.ma\/"},{"@type":"ListItem","position":2,"name":"About"}]},{"@type":"WebSite","@id":"https:\/\/smecm.ma\/#website","url":"https:\/\/smecm.ma\/","name":"SMECM","description":"Premier exportateur de kaolin au Maroc","publisher":{"@id":"https:\/\/smecm.ma\/#organization"},"potentialAction":[{"@type":"SearchAction","target":{"@type":"EntryPoint","urlTemplate":"https:\/\/smecm.ma\/?s={search_term_string}"},"query-input":{"@type":"PropertyValueSpecification","valueRequired":true,"valueName":"search_term_string"}}],"inLanguage":"fr-FR"},{"@type":"Organization","@id":"https:\/\/smecm.ma\/#organization","name":"Soci\u00e9t\u00e9 Marocaine d&#039;Exploitation et de Commercialisation Mini\u00e8re","url":"https:\/\/smecm.ma\/","logo":{"@type":"ImageObject","inLanguage":"fr-FR","@id":"https:\/\/smecm.ma\/#\/schema\/logo\/image\/","url":"https:\/\/smecm.ma\/wp-content\/uploads\/2021\/05\/SMECM-LOGO.png","contentUrl":"https:\/\/smecm.ma\/wp-content\/uploads\/2021\/05\/SMECM-LOGO.png","width":1826,"height":789,"caption":"Soci\u00e9t\u00e9 Marocaine d'Exploitation et de Commercialisation Mini\u00e8re"},"image":{"@id":"https:\/\/smecm.ma\/#\/schema\/logo\/image\/"},"sameAs":["https:\/\/www.linkedin.com\/company\/socit-marocaine-d-exploitation-et-commercialisation-minire"]}]}},"_links":{"self":[{"href":"https:\/\/smecm.ma\/fr\/wp-json\/wp\/v2\/pages\/228","targetHints":{"allow":["GET"]}}],"collection":[{"href":"https:\/\/smecm.ma\/fr\/wp-json\/wp\/v2\/pages"}],"about":[{"href":"https:\/\/smecm.ma\/fr\/wp-json\/wp\/v2\/types\/page"}],"author":[{"embeddable":true,"href":"https:\/\/smecm.ma\/fr\/wp-json\/wp\/v2\/users\/1"}],"replies":[{"embeddable":true,"href":"https:\/\/smecm.ma\/fr\/wp-json\/wp\/v2\/comments?post=228"}],"version-history":[{"count":12,"href":"https:\/\/smecm.ma\/fr\/wp-json\/wp\/v2\/pages\/228\/revisions"}],"predecessor-version":[{"id":267,"href":"https:\/\/smecm.ma\/fr\/wp-json\/wp\/v2\/pages\/228\/revisions\/267"}],"wp:attachment":[{"href":"https:\/\/smecm.ma\/fr\/wp-json\/wp\/v2\/media?parent=228"}],"curies":[{"name":"wp","href":"https:\/\/api.w.org\/{rel}","templated":true}]}}